{"id":668,"date":"2020-12-08T15:26:03","date_gmt":"2020-12-08T14:26:03","guid":{"rendered":"https:\/\/dinggs.com\/tk\/about-me\/"},"modified":"2021-02-04T15:10:18","modified_gmt":"2021-02-04T14:10:18","slug":"about-me","status":"publish","type":"page","link":"https:\/\/www.theresia-gabriel.at\/en\/about-me\/","title":{"rendered":"About me"},"content":{"rendered":"<div class=\"wpb-content-wrapper\"><p>[vc_row css_animation=&#8221;&#8221; row_type=&#8221;row&#8221; use_row_as_full_screen_section=&#8221;no&#8221; type=&#8221;grid&#8221; header_style=&#8221;light&#8221; angled_section=&#8221;no&#8221; text_align=&#8221;left&#8221; background_image_as_pattern=&#8221;without_pattern&#8221; full_width=&#8221;stretch_row_content&#8221; full_height=&#8221;half_row_height&#8221; content_placement=&#8221;middle&#8221; equal_height=&#8221;&#8221; h_position=&#8221;left&#8221; v_position=&#8221;top&#8221; parallax=&#8221;&#8221; slider_images=&#8221;&#8221; slider_animation=&#8221;fade&#8221; slider_imgeffect=&#8221;&#8221; slider_timeout=&#8221;&#8221; bg_video=&#8221;&#8221; overlay_color=&#8221;&#8221; inherit_shaded_color=&#8221;&#8221; css=&#8221;.vc_custom_1607424500022{margin-top: -30px !important;margin-right: -25px !important;margin-bottom: 25px !important;margin-left: -25px !important;padding-top: 0px !important;background-image: url(https:\/\/www.theresia-gabriel.at\/wp-content\/uploads\/2017\/02\/theresia-kosicek.jpg?id=187) !important;background-position: center !important;background-repeat: no-repeat !important;background-size: cover !important;}&#8221; anchor_link=&#8221;&#8221; font_color=&#8221;&#8221; z_index=&#8221;&#8221;][vc_column width=&#8221;1\/2&#8243;][\/vc_column][vc_column width=&#8221;1\/2&#8243;][vc_empty_space height=&#8221;600px&#8221;][\/vc_column][\/vc_row][vc_row css_animation=&#8221;&#8221; row_type=&#8221;row&#8221; use_row_as_full_screen_section=&#8221;no&#8221; type=&#8221;full_width&#8221; angled_section=&#8221;no&#8221; text_align=&#8221;left&#8221; background_image_as_pattern=&#8221;without_pattern&#8221; anchor_link=&#8221;selbsterfahrung&#8221; css=&#8221;.vc_custom_1487767012211{padding-top: 50px !important;}&#8221;][vc_column width=&#8221;1\/3&#8243;][vc_column_text]<\/p>\n<h2 style=\"text-align: right;\">About me<\/h2>\n<p>[\/vc_column_text][\/vc_column][vc_column width=&#8221;2\/3&#8243;][vc_column_text]<strong><span class=\"medium-text\">Theresia Kosicek<\/span><\/strong> (* Gabriel)<\/p>\n<p>born 1973 in Vienna[\/vc_column_text][\/vc_column][\/vc_row][vc_row css_animation=&#8221;&#8221; row_type=&#8221;row&#8221; use_row_as_full_screen_section=&#8221;no&#8221; type=&#8221;full_width&#8221; angled_section=&#8221;no&#8221; text_align=&#8221;left&#8221; background_image_as_pattern=&#8221;without_pattern&#8221; anchor_link=&#8221;selbsterfahrung&#8221; css=&#8221;.vc_custom_1487767012211{padding-top: 50px !important;}&#8221;][vc_column width=&#8221;1\/3&#8243;][vc_column_text]<\/p>\n<h2 style=\"text-align: right;\">Training<\/h2>\n<p>[\/vc_column_text][\/vc_column][vc_column width=&#8221;2\/3&#8243;][vc_column_text]Master&#8217;s degree and doctorate in psychology, University of Vienna<\/p>\n<p>Clinical Psychology, Univ.-Vienna -&gt; Clinical Psychologists<\/p>\n<p>Health Psychology, Univ.-Vienna -&gt; Health Psychologists<\/p>\n<p>Health moderation, PPM Linz<\/p>\n<p>Human Quality Management, IBG Innovative Corporate Health Management<\/p>\n<p>Systemic family therapy, \u00d6AS -&gt; psychotherapists[\/vc_column_text][\/vc_column][\/vc_row][vc_row css_animation=&#8221;&#8221; row_type=&#8221;row&#8221; use_row_as_full_screen_section=&#8221;no&#8221; type=&#8221;full_width&#8221; angled_section=&#8221;no&#8221; text_align=&#8221;left&#8221; background_image_as_pattern=&#8221;without_pattern&#8221; anchor_link=&#8221;familientherapie&#8221; css=&#8221;.vc_custom_1487767051576{padding-top: 50px !important;}&#8221;][vc_column width=&#8221;1\/3&#8243;][vc_column_text]<\/p>\n<h2 style=\"text-align: right;\">Advanced training<\/h2>\n<p>[\/vc_column_text][\/vc_column][vc_column width=&#8221;2\/3&#8243;][vc_column_text]<br \/>\nTrauma psychotherapy, Center for Applied Psychotraumatology, ZAP Vienna<\/p>\n<p>EMDR therapy, <a href=\"https:\/\/www.emdr-fachgesellschaft.at\/\" target=\"_blank\" rel=\"noopener\">EMDR Institute Austria<\/a><\/p>\n<p>Work psychology <a href=\"http:\/\/www.psychnet.at\/theresiagabriel\" target=\"_blank\" rel=\"noopener\">List of the professional association of Austrian psychologists: Work psychologists<\/a><\/p>\n<p>Supervision <a href=\"http:\/\/www.oevs.or.at\/\" target=\"_blank\" rel=\"noopener\">\u00d6VS<\/a>, <a href=\"https:\/\/www.psychnet.at\/theresiakosicek\" target=\"_blank\" rel=\"noopener\">Psychnet<\/a><\/p>\n<p>Coaching <a href=\"https:\/\/www.psychnet.at\/theresiakosicek\" target=\"_blank\" rel=\"noopener\">Psychnet<\/a><\/p>\n<p>Psycho-oncology, \u00d6GPO<\/p>\n<p>Group dynamics &amp; organizational consulting, Univ.-Klagenfurt<\/p>\n<p>Quality management in health promotion, Univ.-Graz<br \/>\n[\/vc_column_text][\/vc_column][\/vc_row][vc_row css_animation=&#8221;&#8221; row_type=&#8221;row&#8221; use_row_as_full_screen_section=&#8221;no&#8221; type=&#8221;full_width&#8221; angled_section=&#8221;no&#8221; text_align=&#8221;left&#8221; background_image_as_pattern=&#8221;without_pattern&#8221; anchor_link=&#8221;traumatherapie&#8221; css=&#8221;.vc_custom_1487767063903{padding-top: 50px !important;}&#8221;][vc_column width=&#8221;1\/3&#8243;][vc_column_text]<\/p>\n<h2 style=\"text-align: right;\">Professional Experience<\/h2>\n<p>[\/vc_column_text][\/vc_column][vc_column width=&#8221;2\/3&#8243;][vc_column_text]psychotherapeutic work (systemic family therapy) in private practice since 2005<\/p>\n<p>Teaching<\/p>\n<ul>\n<li>Lehranstalt f\u00fcr systemische Familientherapie (<a href=\"https:\/\/www.lasf.at\/\" target=\"_blank\" rel=\"noopener\">la:sf<\/a>)<\/li>\n<li>Sigmund Freud University Vienna, Linz, Berlin (Department of Psychology since 2009, Department of Psychotherapy Sciences since 2018)<\/li>\n<li>Austrian Academy for Psychology, \u00d6AP since 2007<\/li>\n<li>Austrian Academy for Occupational Medicine and Prevention since 2012<\/li>\n<li>Vienna Academy for Clinical Psychology \u2013 WIKIP<\/li>\n<\/ul>\n<p>Head of the consulting area, IBG Innovative Workplace Health Management 2003-2010<\/p>\n<p>Project management, \u00d6BIG and Wiener Frauengesundheit 1999-2003<\/p>\n<p>Clinical psychology at the University Clinic for Psychiatry, Vienna General Hospital 1998-1999[\/vc_column_text][\/vc_column][\/vc_row][vc_row css_animation=&#8221;&#8221; row_type=&#8221;row&#8221; use_row_as_full_screen_section=&#8221;no&#8221; type=&#8221;full_width&#8221; angled_section=&#8221;no&#8221; text_align=&#8221;left&#8221; background_image_as_pattern=&#8221;without_pattern&#8221; anchor_link=&#8221;traumatherapie&#8221; css=&#8221;.vc_custom_1487767063903{padding-top: 50px !important;}&#8221;][vc_column width=&#8221;1\/3&#8243;][vc_column_text]<\/p>\n<h2 style=\"text-align: right;\">Memberships<\/h2>\n<p>[\/vc_column_text][\/vc_column][vc_column width=&#8221;2\/3&#8243;][vc_column_text]<a href=\"https:\/\/www.emdr-fachgesellschaft.at\" target=\"_blank\" rel=\"noopener\">EMDR Association Austria<\/a><\/p>\n<p><a href=\"https:\/\/www.degpt.de\/\" target=\"_blank\" rel=\"noopener\">DeGPT e.V.<\/a> (German Society for Psychotraumatology)<\/p>\n<p><a href=\"https:\/\/estss.org\/\" target=\"_blank\" rel=\"noopener\">ESTSS<\/a> (The European Society of Traumatic Stress Studies)<\/p>\n<p><a href=\"https:\/\/www.oeas.at\/\" target=\"_blank\" rel=\"noopener\">\u00d6AS<\/a> (Austrian Working Group for Systemic Therapy and Systemic Studies)<\/p>\n<p><a href=\"https:\/\/www.boep.or.at\/\" target=\"_blank\" rel=\"noopener\">B\u00d6P<\/a> (Professional Association of Austrian Psychologists)<\/p>\n<p><a href=\"http:\/\/www.vap.or.at\/\" target=\"_blank\" rel=\"noopener\">VAP<\/a> (Association for Outpatient Psychotherapy)<\/p>\n<p><a href=\"https:\/\/oent.at\/\" target=\"_blank\" rel=\"noopener\">\u00d6NT<\/a> (Austrian Network for Trauma Therapy)[\/vc_column_text][\/vc_column][\/vc_row][vc_row css_animation=&#8221;&#8221; row_type=&#8221;row&#8221; use_row_as_full_screen_section=&#8221;no&#8221; type=&#8221;full_width&#8221; angled_section=&#8221;no&#8221; text_align=&#8221;left&#8221; background_image_as_pattern=&#8221;without_pattern&#8221; anchor_link=&#8221;emdr&#8221; css=&#8221;.vc_custom_1487767073076{padding-top: 50px !important;}&#8221;][vc_column width=&#8221;1\/3&#8243;][vc_column_text]<\/p>\n<h2 style=\"text-align: right;\">Publications<\/h2>\n<p>[\/vc_column_text][\/vc_column][vc_column width=&#8221;2\/3&#8243;][vc_column_text]Bernhaupt-Hopfner, Martina und Kosicek, Theresia (2017). Traumatherapie mit komplexer traumatisierten KlientIinnen in der psychotherapeutischen (freien) Praxis \u2013 Herausforderungen und M\u00f6glichkeiten zwischen \u201eEs ist eigentlich immer zu wenig\u201c und \u201ewas gelingt trotzdem\u201c\u2026 In: (Schwetz-W\u00fcrth, Johanna und Bernhaupt-Hopfner, Martina (Ed): Psychotherapieforum. In Press.<\/p>\n<p>Birbaumer, A. &amp; Gabriel, T. (2011) (Hrsg.). Zwischen Alltag und ICD-10: Trauma \u2013 Krise \u2013 Belastung \u2013 Extremstress. Journal f\u00fcr Psychologie 3\/2011<\/p>\n<p>Gabriel, T. und H\u00f6rl, I. (2009). Burnout-Gef\u00e4hrdung in Gro\u00dfbetrieben &amp; die Rolle von F\u00fchrung und Schichtarbeit. Leitfaden zur betrieblichen Burnout-Pr\u00e4vention. Wien: Fonds Gesundes \u00d6sterreich (FG\u00d6)<\/p>\n<p>Kloim\u00fcller, I., Gabriel, T., Schurian, S., Riedler, B. (2009). Mobbing \u2013 und was \u00f6ffentliche Organisationen dagegen tun k\u00f6nnen. Leitfaden zur Pr\u00e4vention und Intervention. Wien: Fonds Gesundes \u00d6sterreich (FG\u00d6)<\/p>\n<p>Gabriel, T., H\u00f6rl, I., Schurian, S., Ernst, R. (2009). Burnout-Gef\u00e4hrdung in Gro\u00dfbetrieben &amp; die Rolle von F\u00fchrung und Schichtarbeit. Studienbericht. Downloadpublikation des Fonds Gesundes \u00d6sterreich (FG\u00d6) auf www.fgoe.org\/presse-publikationen\/downloads<\/p>\n<p>Kloim\u00fcller, I., Gabriel, T., Schurian, S., Ernst, R., Riedler, B. (2009). Mobbing \u2013 und was \u00f6ffentliche Organisationen dagegen tun k\u00f6nnen. Studienbericht. Downloadpublikation des Fonds Gesundes \u00d6sterreich (FG\u00d6) auf www.fgoe.org\/presse-publikationen\/downloads<\/p>\n<p>Gabriel, T. (2009). Nachhaltiges Unternehmen: ArbeitsVerM\u00f6gen statt Burnout. In: Sichler, R. et al (2009). Wirtschaft und Psyche.<\/p>\n<p>EURAG \u00d6sterreich (Hrsg.) (2008) Kloim\u00fcller, I., Karazman, R., Gabriel, T., Domburg, D.. Generationen-Management. Generationengerechte Arbeitswelt \u2013 produktives \u00c4lterwerden im Arbeitsprozess und wie es gelingen kann! Verlag: EURAG \u00d6sterreich<\/p>\n<p>Gabriel, T. und Kloim\u00fcller, I. (2007): Arbeitsverm\u00f6gen statt Burnout: Gesundheitsf\u00f6rderung im Arbeitsalltag. In In Sozialmedizinisches Zentrum Baumgartner H\u00f6he \u2013 Otto Wagner Spital Hrsg.), Tagungsband zum Steinhofsymposion 2007 (unver\u00f6ffentlichtes Manuskript).<\/p>\n<p>Kloim\u00fcller, I. &amp; Gabriel, T. (2007): Nachhaltige, human\u00f6kologische Unternehmensf\u00fchrung. Die human\u00f6kologische Organisation. In Sozialmedizinisches Zentrum Baumgartner H\u00f6he \u2013 Otto Wagner Spital Hrsg.), Tagungsband zum Steinhofsymposion 2007 (unver\u00f6ffentlichtes Manuskript).<\/p>\n<p>Kloim\u00fcller, I. und Gabriel, T. (2006). Herausforderungen f\u00fcr den Pflegebereich auf Grund des demografischen Wandels. Zeitschrift Lebensweltheim (2006).<\/p>\n<p>Kloim\u00fcller, I. und Gabriel, T. (2006). Alter(n)sgerechtigkeit und Arbeit. In. Pi\u00d6 Psychologie in \u00d6sterreich, 26. Jahrgang, April 2006, S. 122-128<\/p>\n<p>Gabriel, T. (2006). Mobbing: \u00dcbertriebenes Modethema? Inhumane Personalstrategie? Therapeutisches Arbeitsfeld? In: Mehta, G. und Zika, E. (Hrsg.). Systemische Grenzg\u00e4nge. Wirksames und Wirkendes im Zwischenmenschlichen. Wien: Krammer.<\/p>\n<p>Klicka, G. (2004) Dissertation: Zusammenhang zwischen HLA-System und Pers\u00f6nlichkeit. Universit\u00e4t Wien<\/p>\n<p>Gabriel, T. und Edlinger, S. (Hrsg.) (2002). Gesundheitspsychologie und Wellness. Pi\u00d6 22, 08 2002<\/p>\n<p>Gabriel, T. (2002) Dissertation: Evaluation der Betreuungsqualit\u00e4t aus Sicht der Frauen im Wiener Brustkrebsfr\u00fcherkennungsprogramm. Universit\u00e4t Wien<\/p>\n<p>Gabriel, T. und Wimmer-Puchinger, B. (2001). Frauengerechte Psychiatrie. Pi\u00d6 21, 09 2001.<\/p>\n<p>Gabriel, T.&amp; Opgenoorth, E. (2000). Rorschach Content and Coping Type. Rorschachiana Vol 24 (39-53). G\u00f6ttingen: Hogrefe &amp; Huber.<\/p>\n<p>Gabriel, T. (1997) Diplomarbeit: Menstruationsst\u00f6rungen und Angstverarbeitung im Rahmen des Beschwerdebildes. Universit\u00e4t Wien<\/p>\n<p>Klicka, G. (1997). Diplomarbeit: Entwicklung eines raschskalierten Matrizentests in Farbe f\u00fcr alte Menschen. Universit\u00e4t Wien[\/vc_column_text][\/vc_column][\/vc_row][vc_row css_animation=&#8221;&#8221; row_type=&#8221;row&#8221; use_row_as_full_screen_section=&#8221;no&#8221; type=&#8221;full_width&#8221; angled_section=&#8221;no&#8221; text_align=&#8221;left&#8221; background_image_as_pattern=&#8221;without_pattern&#8221;][vc_column][vc_empty_space height=&#8221;100px&#8221;][\/vc_column][\/vc_row]<\/p>\n<\/div>","protected":false},"excerpt":{"rendered":"<p>[vc_row css_animation=&#8221;&#8221; row_type=&#8221;row&#8221; use_row_as_full_screen_section=&#8221;no&#8221; type=&#8221;grid&#8221; header_style=&#8221;light&#8221; angled_section=&#8221;no&#8221; text_align=&#8221;left&#8221; background_image_as_pattern=&#8221;without_pattern&#8221; full_width=&#8221;stretch_row_content&#8221; full_height=&#8221;half_row_height&#8221; content_placement=&#8221;middle&#8221; equal_height=&#8221;&#8221; h_position=&#8221;left&#8221; v_position=&#8221;top&#8221; parallax=&#8221;&#8221; slider_images=&#8221;&#8221; slider_animation=&#8221;fade&#8221; slider_imgeffect=&#8221;&#8221; slider_timeout=&#8221;&#8221; bg_video=&#8221;&#8221; overlay_color=&#8221;&#8221; inherit_shaded_color=&#8221;&#8221; css=&#8221;.vc_custom_1607424500022{margin-top: -30px !important;margin-right: -25px !important;margin-bottom: 25px !important;margin-left: -25px !important;padding-top: 0px !important;background-image: url(https:\/\/www.theresia-gabriel.at\/wp-content\/uploads\/2017\/02\/theresia-kosicek.jpg?id=187) !important;background-position: center !important;background-repeat: no-repeat !important;background-size: cover !important;}&#8221; anchor_link=&#8221;&#8221; font_color=&#8221;&#8221; z_index=&#8221;&#8221;][vc_column&#8230;<\/p>\n","protected":false},"author":1,"featured_media":0,"parent":0,"menu_order":0,"comment_status":"closed","ping_status":"closed","template":"","meta":{"footnotes":""},"class_list":["post-668","page","type-page","status-publish","hentry"],"_links":{"self":[{"href":"https:\/\/www.theresia-gabriel.at\/en\/wp-json\/wp\/v2\/pages\/668","targetHints":{"allow":["GET"]}}],"collection":[{"href":"https:\/\/www.theresia-gabriel.at\/en\/wp-json\/wp\/v2\/pages"}],"about":[{"href":"https:\/\/www.theresia-gabriel.at\/en\/wp-json\/wp\/v2\/types\/page"}],"author":[{"embeddable":true,"href":"https:\/\/www.theresia-gabriel.at\/en\/wp-json\/wp\/v2\/users\/1"}],"replies":[{"embeddable":true,"href":"https:\/\/www.theresia-gabriel.at\/en\/wp-json\/wp\/v2\/comments?post=668"}],"version-history":[{"count":0,"href":"https:\/\/www.theresia-gabriel.at\/en\/wp-json\/wp\/v2\/pages\/668\/revisions"}],"wp:attachment":[{"href":"https:\/\/www.theresia-gabriel.at\/en\/wp-json\/wp\/v2\/media?parent=668"}],"curies":[{"name":"wp","href":"https:\/\/api.w.org\/{rel}","templated":true}]}}