{"id":750,"date":"2020-12-14T12:05:03","date_gmt":"2020-12-14T11:05:03","guid":{"rendered":"https:\/\/dinggs.com\/tk\/contact\/"},"modified":"2021-01-12T14:21:21","modified_gmt":"2021-01-12T13:21:21","slug":"contact","status":"publish","type":"page","link":"https:\/\/www.theresia-gabriel.at\/en\/contact\/","title":{"rendered":"Contact"},"content":{"rendered":"<div class=\"wpb-content-wrapper\"><p>[vc_row css_animation=&#8221;&#8221; row_type=&#8221;row&#8221; use_row_as_full_screen_section=&#8221;no&#8221; type=&#8221;full_width&#8221; angled_section=&#8221;no&#8221; text_align=&#8221;left&#8221; background_image_as_pattern=&#8221;without_pattern&#8221; full_width=&#8221;stretch_row_content&#8221; full_height=&#8221;half_row_height&#8221; css=&#8221;.vc_custom_1607949954958{margin-top: -50px !important;margin-right: -50px !important;margin-bottom: 0px !important;margin-left: -50px !important;padding-bottom: 0px !important;}&#8221; z_index=&#8221;&#8221;][vc_column][vc_gmaps link=&#8221;#E-8_JTNDaWZyYW1lJTIwc3JjJTNEJTIyaHR0cHMlM0ElMkYlMkZ3d3cuZ29vZ2xlLmNvbSUyRm1hcHMlMkZlbWJlZCUzRnBiJTNEJTIxMW0xOCUyMTFtMTIlMjExbTMlMjExZDI2NTcuODc3NDM2OTE3MTM1JTIxMmQxNi4zNjA3NTA0NzI3OTk0MSUyMTNkNDguMjI4MjM0NTc2MzIzNTE2JTIxMm0zJTIxMWYwJTIxMmYwJTIxM2YwJTIxM20yJTIxMWkxMDI0JTIxMmk3NjglMjE0ZjEzLjElMjEzbTMlMjExbTIlMjExczB4NDc2ZDA3YjVlNWVhZWZmMSUyNTNBMHhjMzg2YzFhODNiNmQ4ZWZkJTIxMnNHdXNzZW5iYXVlcmdhc3NlJTI1MjAxJTI1MkMlMjUyMDEwOTAlMjUyMFdpZW4lMjE1ZTAlMjEzbTIlMjExc2RlJTIxMnNhdCUyMTR2MTYwNzk0OTIyMDU5MiUyMTVtMiUyMTFzZGUlMjEyc2F0JTIyJTIwd2lkdGglM0QlMjIxMDAlMjUlMjIlMjBoZWlnaHQlM0QlMjI4MDAlMjIlMjBmcmFtZWJvcmRlciUzRCUyMjAlMjIlMjBzdHlsZSUzRCUyMmJvcmRlciUzQTAlM0IlMjIlMjBhbGxvd2Z1bGxzY3JlZW4lM0QlMjIlMjIlMjBhcmlhLWhpZGRlbiUzRCUyMmZhbHNlJTIyJTIwdGFiaW5kZXglM0QlMjIwJTIyJTNFJTNDJTJGaWZyYW1lJTNF&#8221; size=&#8221;800&#8243;][\/vc_column][\/vc_row][vc_row css_animation=&#8221;&#8221; row_type=&#8221;row&#8221; use_row_as_full_screen_section=&#8221;no&#8221; type=&#8221;full_width&#8221; angled_section=&#8221;no&#8221; text_align=&#8221;left&#8221; background_image_as_pattern=&#8221;without_pattern&#8221;][vc_column][vc_empty_space height=&#8221;50px&#8221;][\/vc_column][\/vc_row][vc_row css_animation=&#8221;&#8221; row_type=&#8221;row&#8221; use_row_as_full_screen_section=&#8221;no&#8221; type=&#8221;full_width&#8221; angled_section=&#8221;no&#8221; text_align=&#8221;left&#8221; background_image_as_pattern=&#8221;without_pattern&#8221;][vc_column width=&#8221;2\/3&#8243;][vc_column_text]<\/p>\n<h1>Dr.<sup>in<\/sup> Mag.<sup>a<\/sup> Theresia Kosicek<\/h1>\n<p>[\/vc_column_text][vc_empty_space][vc_column_text]<\/p>\n<h4>Doctor&#8217;s Office<\/h4>\n<p>Gussenbauergasse 1\/19, 1090 Vienna<br \/>\nE-Mail: <a href=\"mailto:praxis@theresia-kosicek.at\">praxis@theresia-kosicek.at<\/a><br \/>\nMobile: <a href=\"tel:+4369910426084\">+43 699 104 260 84<\/a>[\/vc_column_text][vc_empty_space height=&#8221;25px&#8221;]<a  itemprop=\"url\" href=\"https:\/\/goo.gl\/maps\/Gywq85CyNKeacww98\" target=\"_blank\"  class=\"qbutton  default\" style=\"\">open in Google Maps<i class=\"qode_icon_font_awesome fa fa-map qode_button_icon_element\" style=\"\" ><\/i><\/a>[vc_empty_space height=&#8221;25px&#8221;][vc_column_text]<\/p>\n<h4>How to get there<\/h4>\n<p>U4 Friedensbr\u00fccke (Exit Gussenbauergasse)<br \/>\nFranz Josefs Bahnhof \/ Alserbachstra\u00dfe: 5, 33, D<br \/>\nFranz Josef Bahnhof: S40, S45 sowie R, EZ, REX<\/p>\n<h4>Imprint: Offenlegung gem\u00e4\u00df MedienG und Erkl\u00e4rung\u00a0gem\u00e4\u00df \u00a7 5 Abs 1 E-Commerce-Gesetz (ECG)<\/h4>\n<p>Diese Website dient der Information zum Themenbereich Psychotherpie, Coaching, Supervision, Beratung und Behandlung.<\/p>\n<h4>Inhaberin der Website<\/h4>\n<p>Dr.<sup>in<\/sup> Mag.<sup>a<\/sup> Theresia Kosicek<br \/>\nGussenbauergasse 1\/19, 1090 Wien<br \/>\nE-Mail: <a href=\"mailto:info@theresia-kosicek.at\">info@theresia-kosicek.at<\/a><br \/>\nTel.: <a href=\"tel:+4369910426084\">+43 699 104 260 84<\/a>[\/vc_column_text][\/vc_column][vc_column width=&#8221;1\/3&#8243;][vc_column_text]<\/p>\n<h2>Contact<\/h2>\n<p>[\/vc_column_text]\n<div class=\"wpcf7 no-js\" id=\"wpcf7-f4-o1\" lang=\"de-DE\" dir=\"ltr\" data-wpcf7-id=\"4\">\n<div class=\"screen-reader-response\"><p role=\"status\" aria-live=\"polite\" aria-atomic=\"true\"><\/p> <ul><\/ul><\/div>\n<form action=\"\/en\/wp-json\/wp\/v2\/pages\/750#wpcf7-f4-o1\" method=\"post\" class=\"wpcf7-form init default\" aria-label=\"Kontaktformular\" novalidate=\"novalidate\" data-status=\"init\">\n<fieldset class=\"hidden-fields-container\"><input type=\"hidden\" name=\"_wpcf7\" value=\"4\" \/><input type=\"hidden\" name=\"_wpcf7_version\" value=\"6.1.5\" \/><input type=\"hidden\" name=\"_wpcf7_locale\" value=\"de_DE\" \/><input type=\"hidden\" name=\"_wpcf7_unit_tag\" value=\"wpcf7-f4-o1\" \/><input type=\"hidden\" name=\"_wpcf7_container_post\" value=\"0\" \/><input type=\"hidden\" name=\"_wpcf7_posted_data_hash\" value=\"\" \/>\n<\/fieldset>\n<p><label> Ihr Name *<br \/>\n<span class=\"wpcf7-form-control-wrap\" data-name=\"your-name\"><input size=\"40\" maxlength=\"400\" class=\"wpcf7-form-control wpcf7-text wpcf7-validates-as-required\" aria-required=\"true\" aria-invalid=\"false\" value=\"\" type=\"text\" name=\"your-name\" \/><\/span> <\/label>\n<\/p>\n<p><label> Ihre E-Mail *<br \/>\n<span class=\"wpcf7-form-control-wrap\" data-name=\"your-email\"><input size=\"40\" maxlength=\"400\" class=\"wpcf7-form-control wpcf7-email wpcf7-validates-as-required wpcf7-text wpcf7-validates-as-email\" aria-required=\"true\" aria-invalid=\"false\" value=\"\" type=\"email\" name=\"your-email\" \/><\/span> <\/label>\n<\/p>\n<p><label> Betreff<br \/>\n<span class=\"wpcf7-form-control-wrap\" data-name=\"your-subject\"><input size=\"40\" maxlength=\"400\" class=\"wpcf7-form-control wpcf7-text\" aria-invalid=\"false\" value=\"\" type=\"text\" name=\"your-subject\" \/><\/span> <\/label>\n<\/p>\n<p><label> Ihre Nachricht<br \/>\n<span class=\"wpcf7-form-control-wrap\" data-name=\"your-message\"><textarea cols=\"40\" rows=\"10\" maxlength=\"2000\" class=\"wpcf7-form-control wpcf7-textarea\" aria-invalid=\"false\" name=\"your-message\"><\/textarea><\/span> <\/label>\n<\/p>\n<p><span id=\"wpcf7-69e00a6ccb488-wrapper\" class=\"wpcf7-form-control-wrap website-774-wrap\" style=\"display:none !important; visibility:hidden !important;\"><label for=\"wpcf7-69e00a6ccb488-field\" class=\"hp-message\">Bitte lasse dieses Feld leer.<\/label><input id=\"wpcf7-69e00a6ccb488-field\"  class=\"wpcf7-form-control wpcf7-text\" type=\"text\" name=\"website-774\" value=\"\" size=\"40\" tabindex=\"-1\" autocomplete=\"new-password\" \/><\/span>\n<\/p>\n<p><input class=\"wpcf7-form-control wpcf7-submit has-spinner\" type=\"submit\" value=\"absenden\" \/>\n<\/p><div class=\"wpcf7-response-output\" aria-hidden=\"true\"><\/div>\n<\/form>\n<\/div>\n[\/vc_column][\/vc_row][vc_row css_animation=&#8221;&#8221; row_type=&#8221;row&#8221; use_row_as_full_screen_section=&#8221;no&#8221; type=&#8221;full_width&#8221; angled_section=&#8221;no&#8221; text_align=&#8221;left&#8221; background_image_as_pattern=&#8221;without_pattern&#8221;][vc_column][vc_empty_space][vc_column_text]<\/p>\n<h1 style=\"text-align: center;\">Downloads<\/h1>\n<p>[\/vc_column_text][vc_empty_space][\/vc_column][\/vc_row][vc_row css_animation=&#8221;&#8221; row_type=&#8221;row&#8221; use_row_as_full_screen_section=&#8221;no&#8221; type=&#8221;full_width&#8221; angled_section=&#8221;no&#8221; text_align=&#8221;left&#8221; background_image_as_pattern=&#8221;without_pattern&#8221;][vc_column width=&#8221;1\/3&#8243;][vc_column_text]<\/p>\n<h4>Application for a subsidy<\/h4>\n<p>[\/vc_column_text]<a  itemprop=\"url\" href=\"https:\/\/www.theresia-gabriel.at\/wp-content\/uploads\/2020\/12\/antrag-auf-kostenzuschuss.pdf\" target=\"_self\"  class=\"qbutton  default\" style=\"\">Download<i class=\"qode_icon_font_awesome fa fa-download qode_button_icon_element\" style=\"\" ><\/i><\/a>[vc_empty_space][\/vc_column][vc_column width=&#8221;1\/3&#8243;][vc_column_text]<\/p>\n<h4>Berufskodex<\/h4>\n<p>[\/vc_column_text]<a  itemprop=\"url\" href=\"https:\/\/www.theresia-gabriel.at\/wp-content\/uploads\/2020\/12\/berufskodex.pdf\" target=\"_self\"  class=\"qbutton  default\" style=\"\">Download<i class=\"qode_icon_font_awesome fa fa-download qode_button_icon_element\" style=\"\" ><\/i><\/a>[vc_empty_space][\/vc_column][vc_column width=&#8221;1\/3&#8243;][vc_column_text]<\/p>\n<h4>Infoblatt Psychotherapie<\/h4>\n<p>[\/vc_column_text]<a  itemprop=\"url\" href=\"https:\/\/www.theresia-gabriel.at\/wp-content\/uploads\/2021\/01\/Infoblatt-Psychotherapie-2020-english.pdf\" target=\"_self\"  class=\"qbutton  default\" style=\"\">Download<i class=\"qode_icon_font_awesome fa fa-download qode_button_icon_element\" style=\"\" ><\/i><\/a>[vc_empty_space][\/vc_column][\/vc_row][vc_row css_animation=&#8221;&#8221; row_type=&#8221;row&#8221; use_row_as_full_screen_section=&#8221;no&#8221; type=&#8221;full_width&#8221; angled_section=&#8221;no&#8221; text_align=&#8221;left&#8221; background_image_as_pattern=&#8221;without_pattern&#8221;][vc_column width=&#8221;1\/3&#8243;][vc_column_text]<\/p>\n<h4>Information Ausfallsregelungen<\/h4>\n<p>[\/vc_column_text]<a  itemprop=\"url\" href=\"https:\/\/www.theresia-gabriel.at\/wp-content\/uploads\/2020\/12\/information_ausfallsregelungen.pdf\" target=\"_self\"  class=\"qbutton  default\" style=\"\">Download<i class=\"qode_icon_font_awesome fa fa-download qode_button_icon_element\" style=\"\" ><\/i><\/a>[vc_empty_space][\/vc_column][vc_column width=&#8221;1\/3&#8243;][vc_column_text]<\/p>\n<h4>Patienteninformation Psychotherapiemethoden<\/h4>\n<p>[\/vc_column_text]<a  itemprop=\"url\" href=\"https:\/\/www.theresia-gabriel.at\/wp-content\/uploads\/2020\/12\/patienteninformation_psychotherapiemethoden_20141204.pdf\" target=\"_self\"  class=\"qbutton  default\" style=\"\">Download<i class=\"qode_icon_font_awesome fa fa-download qode_button_icon_element\" style=\"\" ><\/i><\/a>[vc_empty_space][\/vc_column][vc_column width=&#8221;1\/3&#8243;][vc_column_text]<\/p>\n<h4>VertragspsychologInnen klinische Psychodiagnostik<\/h4>\n<p>[\/vc_column_text]<a  itemprop=\"url\" href=\"https:\/\/www.theresia-gabriel.at\/wp-content\/uploads\/2020\/12\/vertragspsychologInnen_klinische_Psychodiagnostik_20160520.pdf\" target=\"_self\"  class=\"qbutton  default\" style=\"\">Download<i class=\"qode_icon_font_awesome fa fa-download qode_button_icon_element\" style=\"\" ><\/i><\/a>[vc_empty_space][\/vc_column][\/vc_row][vc_row css_animation=&#8221;&#8221; row_type=&#8221;row&#8221; use_row_as_full_screen_section=&#8221;no&#8221; type=&#8221;full_width&#8221; angled_section=&#8221;no&#8221; text_align=&#8221;left&#8221; background_image_as_pattern=&#8221;without_pattern&#8221;][vc_column][vc_empty_space height=&#8221;100px&#8221;][\/vc_column][\/vc_row]<\/p>\n<\/div>","protected":false},"excerpt":{"rendered":"<p>[vc_row css_animation=&#8221;&#8221; row_type=&#8221;row&#8221; use_row_as_full_screen_section=&#8221;no&#8221; type=&#8221;full_width&#8221; angled_section=&#8221;no&#8221; text_align=&#8221;left&#8221; background_image_as_pattern=&#8221;without_pattern&#8221; full_width=&#8221;stretch_row_content&#8221; full_height=&#8221;half_row_height&#8221; css=&#8221;.vc_custom_1607949954958{margin-top: -50px !important;margin-right: -50px !important;margin-bottom: 0px !important;margin-left: -50px !important;padding-bottom: 0px !important;}&#8221; z_index=&#8221;&#8221;][vc_column][vc_gmaps link=&#8221;#E-8_JTNDaWZyYW1lJTIwc3JjJTNEJTIyaHR0cHMlM0ElMkYlMkZ3d3cuZ29vZ2xlLmNvbSUyRm1hcHMlMkZlbWJlZCUzRnBiJTNEJTIxMW0xOCUyMTFtMTIlMjExbTMlMjExZDI2NTcuODc3NDM2OTE3MTM1JTIxMmQxNi4zNjA3NTA0NzI3OTk0MSUyMTNkNDguMjI4MjM0NTc2MzIzNTE2JTIxMm0zJTIxMWYwJTIxMmYwJTIxM2YwJTIxM20yJTIxMWkxMDI0JTIxMmk3NjglMjE0ZjEzLjElMjEzbTMlMjExbTIlMjExczB4NDc2ZDA3YjVlNWVhZWZmMSUyNTNBMHhjMzg2YzFhODNiNmQ4ZWZkJTIxMnNHdXNzZW5iYXVlcmdhc3NlJTI1MjAxJTI1MkMlMjUyMDEwOTAlMjUyMFdpZW4lMjE1ZTAlMjEzbTIlMjExc2RlJTIxMnNhdCUyMTR2MTYwNzk0OTIyMDU5MiUyMTVtMiUyMTFzZGUlMjEyc2F0JTIyJTIwd2lkdGglM0QlMjIxMDAlMjUlMjIlMjBoZWlnaHQlM0QlMjI4MDAlMjIlMjBmcmFtZWJvcmRlciUzRCUyMjAlMjIlMjBzdHlsZSUzRCUyMmJvcmRlciUzQTAlM0IlMjIlMjBhbGxvd2Z1bGxzY3JlZW4lM0QlMjIlMjIlMjBhcmlhLWhpZGRlbiUzRCUyMmZhbHNlJTIyJTIwdGFiaW5kZXglM0QlMjIwJTIyJTNFJTNDJTJGaWZyYW1lJTNF&#8221; size=&#8221;800&#8243;][\/vc_column][\/vc_row][vc_row css_animation=&#8221;&#8221; row_type=&#8221;row&#8221; use_row_as_full_screen_section=&#8221;no&#8221; type=&#8221;full_width&#8221; angled_section=&#8221;no&#8221; text_align=&#8221;left&#8221; background_image_as_pattern=&#8221;without_pattern&#8221;][vc_column][vc_empty_space height=&#8221;50px&#8221;][\/vc_column][\/vc_row][vc_row css_animation=&#8221;&#8221; row_type=&#8221;row&#8221; use_row_as_full_screen_section=&#8221;no&#8221; type=&#8221;full_width&#8221; angled_section=&#8221;no&#8221; text_align=&#8221;left&#8221; background_image_as_pattern=&#8221;without_pattern&#8221;][vc_column width=&#8221;2\/3&#8243;][vc_column_text] Dr.in Mag.a Theresia Kosicek [\/vc_column_text][vc_empty_space][vc_column_text]&#8230;<\/p>\n","protected":false},"author":1,"featured_media":0,"parent":0,"menu_order":0,"comment_status":"closed","ping_status":"closed","template":"","meta":{"footnotes":""},"class_list":["post-750","page","type-page","status-publish","hentry"],"_links":{"self":[{"href":"https:\/\/www.theresia-gabriel.at\/en\/wp-json\/wp\/v2\/pages\/750","targetHints":{"allow":["GET"]}}],"collection":[{"href":"https:\/\/www.theresia-gabriel.at\/en\/wp-json\/wp\/v2\/pages"}],"about":[{"href":"https:\/\/www.theresia-gabriel.at\/en\/wp-json\/wp\/v2\/types\/page"}],"author":[{"embeddable":true,"href":"https:\/\/www.theresia-gabriel.at\/en\/wp-json\/wp\/v2\/users\/1"}],"replies":[{"embeddable":true,"href":"https:\/\/www.theresia-gabriel.at\/en\/wp-json\/wp\/v2\/comments?post=750"}],"version-history":[{"count":0,"href":"https:\/\/www.theresia-gabriel.at\/en\/wp-json\/wp\/v2\/pages\/750\/revisions"}],"wp:attachment":[{"href":"https:\/\/www.theresia-gabriel.at\/en\/wp-json\/wp\/v2\/media?parent=750"}],"curies":[{"name":"wp","href":"https:\/\/api.w.org\/{rel}","templated":true}]}}